{"id":29740,"date":"2025-12-16T19:27:23","date_gmt":"2025-12-16T19:27:23","guid":{"rendered":"https:\/\/www.fesfa.co\/redise-o-nuevo\/?page_id=29740"},"modified":"2026-03-05T16:21:56","modified_gmt":"2026-03-05T16:21:56","slug":"vivienda","status":"publish","type":"page","link":"https:\/\/www.fesfa.co\/?page_id=29740","title":{"rendered":"Vivienda"},"content":{"rendered":"\t\t<div data-elementor-type=\"wp-page\" data-elementor-id=\"29740\" class=\"elementor elementor-29740\" data-elementor-settings=\"[]\">\r\n\t\t\t\t\t\t\t<div class=\"elementor-section-wrap\">\r\n\t\t\t\t\t\t\t<section class=\"elementor-section elementor-top-section elementor-element elementor-element-91f827e elementor-section-boxed elementor-section-height-default elementor-section-height-default elementor-invisible\" data-id=\"91f827e\" data-element_type=\"section\" data-settings=\"{&quot;background_background&quot;:&quot;classic&quot;,&quot;animation&quot;:&quot;fadeInDown&quot;}\">\r\n\t\t\t\t\t\t\t<div class=\"elementor-background-overlay\"><\/div>\r\n\t\t\t\t\t\t\t<div class=\"elementor-container elementor-column-gap-default\">\r\n\t\t\t\t\t<div class=\"elementor-column elementor-col-50 elementor-top-column elementor-element elementor-element-d50caa2\" data-id=\"d50caa2\" data-element_type=\"column\">\r\n\t\t\t<div class=\"elementor-widget-wrap elementor-element-populated\">\r\n\t\t\t\t\t\t\t\t<div class=\"elementor-element elementor-element-97189fa elementor-widget elementor-widget-spacer\" data-id=\"97189fa\" data-element_type=\"widget\" data-widget_type=\"spacer.default\">\r\n\t\t\t\t<div class=\"elementor-widget-container\">\r\n\t\t\t\t\t<div class=\"elementor-spacer\">\r\n\t\t\t<div class=\"elementor-spacer-inner\"><\/div>\r\n\t\t<\/div>\r\n\t\t\t\t<\/div>\r\n\t\t\t\t<\/div>\r\n\t\t\t\t<div class=\"elementor-element elementor-element-4bd8821 elementor-widget elementor-widget-heading\" data-id=\"4bd8821\" data-element_type=\"widget\" data-widget_type=\"heading.default\">\r\n\t\t\t\t<div class=\"elementor-widget-container\">\r\n\t\t\t<h2 class=\"elementor-heading-title elementor-size-default\">Cr\u00e9dito <br>de Vivienda<\/h2>\t\t<\/div>\r\n\t\t\t\t<\/div>\r\n\t\t\t\t<div class=\"elementor-element elementor-element-8301f4b elementor-widget elementor-widget-text-editor\" data-id=\"8301f4b\" data-element_type=\"widget\" data-widget_type=\"text-editor.default\">\r\n\t\t\t\t<div class=\"elementor-widget-container\">\r\n\t\t\t\t\t\t\t<p>Haz realidad el sue\u00f1o de tu hogar propio con condiciones pensadas para ti.<\/p>\t\t\t\t\t\t<\/div>\r\n\t\t\t\t<\/div>\r\n\t\t\t\t<div class=\"elementor-element elementor-element-1bf005a elementor-widget elementor-widget-spacer\" data-id=\"1bf005a\" data-element_type=\"widget\" data-widget_type=\"spacer.default\">\r\n\t\t\t\t<div class=\"elementor-widget-container\">\r\n\t\t\t\t\t<div class=\"elementor-spacer\">\r\n\t\t\t<div class=\"elementor-spacer-inner\"><\/div>\r\n\t\t<\/div>\r\n\t\t\t\t<\/div>\r\n\t\t\t\t<\/div>\r\n\t\t\t\t\t<\/div>\r\n\t\t<\/div>\r\n\t\t\t\t<div class=\"elementor-column elementor-col-50 elementor-top-column elementor-element elementor-element-9099741\" data-id=\"9099741\" data-element_type=\"column\">\r\n\t\t\t<div class=\"elementor-widget-wrap elementor-element-populated\">\r\n\t\t\t\t\t\t\t\t<div class=\"elementor-element elementor-element-06140d1 elementor-widget elementor-widget-spacer\" data-id=\"06140d1\" data-element_type=\"widget\" data-widget_type=\"spacer.default\">\r\n\t\t\t\t<div class=\"elementor-widget-container\">\r\n\t\t\t\t\t<div class=\"elementor-spacer\">\r\n\t\t\t<div class=\"elementor-spacer-inner\"><\/div>\r\n\t\t<\/div>\r\n\t\t\t\t<\/div>\r\n\t\t\t\t<\/div>\r\n\t\t\t\t<div class=\"elementor-element elementor-element-e2b210e elementor-button-success elementor-align-left elementor-invisible elementor-widget elementor-widget-button\" data-id=\"e2b210e\" data-element_type=\"widget\" data-settings=\"{&quot;_animation&quot;:&quot;fadeIn&quot;}\" data-widget_type=\"button.default\">\r\n\t\t\t\t<div class=\"elementor-widget-container\">\r\n\t\t\t\t\t<div class=\"elementor-button-wrapper\">\r\n\t\t\t<a href=\"https:\/\/private.fesfa.co\/zonap\/#\/\" class=\"elementor-button-link elementor-button elementor-size-sm\" role=\"button\">\r\n\t\t\t\t\t\t<span class=\"elementor-button-content-wrapper\">\r\n\t\t\t\t\t\t<span class=\"elementor-button-icon elementor-align-icon-left\">\r\n\t\t\t\t<i aria-hidden=\"true\" class=\"far fa-credit-card\"><\/i>\t\t\t<\/span>\r\n\t\t\t\t\t\t<span class=\"elementor-button-text\">Simula tu cr\u00e9dito aqu\u00ed<\/span>\r\n\t\t<\/span>\r\n\t\t\t\t\t<\/a>\r\n\t\t<\/div>\r\n\t\t\t\t<\/div>\r\n\t\t\t\t<\/div>\r\n\t\t\t\t\t<\/div>\r\n\t\t<\/div>\r\n\t\t\t\t\t\t\t<\/div>\r\n\t\t<\/section>\r\n\t\t\t\t<section class=\"elementor-section elementor-top-section elementor-element elementor-element-49164b5 elementor-section-boxed elementor-section-height-default elementor-section-height-default\" data-id=\"49164b5\" data-element_type=\"section\">\r\n\t\t\t\t\t\t<div class=\"elementor-container elementor-column-gap-default\">\r\n\t\t\t\t\t<div class=\"elementor-column elementor-col-50 elementor-top-column elementor-element elementor-element-f201bf2\" data-id=\"f201bf2\" data-element_type=\"column\">\r\n\t\t\t<div class=\"elementor-widget-wrap elementor-element-populated\">\r\n\t\t\t\t\t\t\t\t<div class=\"elementor-element elementor-element-34ad3c3 elementor-align-center elementor-widget elementor-widget-button\" data-id=\"34ad3c3\" data-element_type=\"widget\" data-widget_type=\"button.default\">\r\n\t\t\t\t<div class=\"elementor-widget-container\">\r\n\t\t\t\t\t<div class=\"elementor-button-wrapper\">\r\n\t\t\t<a href=\"https:\/\/www.fesfa.co\/wp-content\/uploads\/2026\/03\/Instructivo-credito-de-vivienda-1-1.pdf\" class=\"elementor-button-link elementor-button elementor-size-md\" role=\"button\">\r\n\t\t\t\t\t\t<span class=\"elementor-button-content-wrapper\">\r\n\t\t\t\t\t\t<span class=\"elementor-button-icon elementor-align-icon-left\">\r\n\t\t\t\t<i aria-hidden=\"true\" class=\"far fa-file-pdf\"><\/i>\t\t\t<\/span>\r\n\t\t\t\t\t\t<span class=\"elementor-button-text\">Instructivo cr\u00e9dito de vivienda<\/span>\r\n\t\t<\/span>\r\n\t\t\t\t\t<\/a>\r\n\t\t<\/div>\r\n\t\t\t\t<\/div>\r\n\t\t\t\t<\/div>\r\n\t\t\t\t\t<\/div>\r\n\t\t<\/div>\r\n\t\t\t\t<div class=\"elementor-column elementor-col-50 elementor-top-column elementor-element elementor-element-d825c4c\" data-id=\"d825c4c\" data-element_type=\"column\">\r\n\t\t\t<div class=\"elementor-widget-wrap elementor-element-populated\">\r\n\t\t\t\t\t\t\t\t<div class=\"elementor-element elementor-element-0fdb57e elementor-align-center elementor-widget elementor-widget-button\" data-id=\"0fdb57e\" data-element_type=\"widget\" data-widget_type=\"button.default\">\r\n\t\t\t\t<div class=\"elementor-widget-container\">\r\n\t\t\t\t\t<div class=\"elementor-button-wrapper\">\r\n\t\t\t<a href=\"https:\/\/www.fesfa.co\/wp-content\/uploads\/2026\/02\/7.SOLICITUD-VIDA-GRUPO-DEUDORES-FORMATO-MANUAL-Abril-2022-3-1.pdf\" class=\"elementor-button-link elementor-button elementor-size-md\" role=\"button\">\r\n\t\t\t\t\t\t<span class=\"elementor-button-content-wrapper\">\r\n\t\t\t\t\t\t<span class=\"elementor-button-icon elementor-align-icon-left\">\r\n\t\t\t\t<i aria-hidden=\"true\" class=\"far fa-file-pdf\"><\/i>\t\t\t<\/span>\r\n\t\t\t\t\t\t<span class=\"elementor-button-text\">Formato de p\u00f3liza vida deudores<\/span>\r\n\t\t<\/span>\r\n\t\t\t\t\t<\/a>\r\n\t\t<\/div>\r\n\t\t\t\t<\/div>\r\n\t\t\t\t<\/div>\r\n\t\t\t\t\t<\/div>\r\n\t\t<\/div>\r\n\t\t\t\t\t\t\t<\/div>\r\n\t\t<\/section>\r\n\t\t\t\t<section class=\"elementor-section elementor-top-section elementor-element elementor-element-83557a8 elementor-section-boxed elementor-section-height-default elementor-section-height-default\" data-id=\"83557a8\" data-element_type=\"section\" data-settings=\"{&quot;background_background&quot;:&quot;classic&quot;}\">\r\n\t\t\t\t\t\t<div class=\"elementor-container elementor-column-gap-default\">\r\n\t\t\t\t\t<div class=\"elementor-column elementor-col-100 elementor-top-column elementor-element elementor-element-0a4b787\" data-id=\"0a4b787\" data-element_type=\"column\">\r\n\t\t\t<div class=\"elementor-widget-wrap elementor-element-populated\">\r\n\t\t\t\t\t\t\t\t<div class=\"elementor-element elementor-element-2f262d4 elementor-widget elementor-widget-heading\" data-id=\"2f262d4\" data-element_type=\"widget\" data-widget_type=\"heading.default\">\r\n\t\t\t\t<div class=\"elementor-widget-container\">\r\n\t\t\t<h2 class=\"elementor-heading-title elementor-size-default\">Sobre nuestro cr\u00e9dito<\/h2>\t\t<\/div>\r\n\t\t\t\t<\/div>\r\n\t\t\t\t\t<\/div>\r\n\t\t<\/div>\r\n\t\t\t\t\t\t\t<\/div>\r\n\t\t<\/section>\r\n\t\t\t\t<section class=\"elementor-section elementor-top-section elementor-element elementor-element-46212da elementor-section-boxed elementor-section-height-default elementor-section-height-default\" data-id=\"46212da\" data-element_type=\"section\" data-settings=\"{&quot;background_background&quot;:&quot;classic&quot;}\">\r\n\t\t\t\t\t\t<div class=\"elementor-container elementor-column-gap-default\">\r\n\t\t\t\t\t<div class=\"elementor-column elementor-col-100 elementor-top-column elementor-element elementor-element-e06a823\" data-id=\"e06a823\" data-element_type=\"column\">\r\n\t\t\t<div class=\"elementor-widget-wrap elementor-element-populated\">\r\n\t\t\t\t\t\t\t\t<div class=\"elementor-element elementor-element-4ce997d elementor-widget elementor-widget-text-editor\" data-id=\"4ce997d\" data-element_type=\"widget\" data-widget_type=\"text-editor.default\">\r\n\t\t\t\t<div class=\"elementor-widget-container\">\r\n\t\t\t\t\t\t\t<p>El <strong data-start=\"528\" data-end=\"560\">Cr\u00e9dito de Vivienda de FESFA<\/strong> est\u00e1 pensado para acompa\u00f1ar a nuestros asociados en uno de los proyectos m\u00e1s importantes de su vida: su hogar. Esta l\u00ednea permite financiar la compra, construcci\u00f3n o mejora de vivienda, brindando condiciones favorables, un proceso confiable y el respaldo institucional de FESFA para ayudarte a cumplir tus metas familiares y patrimoniales.<\/p>\t\t\t\t\t\t<\/div>\r\n\t\t\t\t<\/div>\r\n\t\t\t\t\t<\/div>\r\n\t\t<\/div>\r\n\t\t\t\t\t\t\t<\/div>\r\n\t\t<\/section>\r\n\t\t\t\t<section class=\"elementor-section elementor-top-section elementor-element elementor-element-e2c4d56 elementor-section-boxed elementor-section-height-default elementor-section-height-default\" data-id=\"e2c4d56\" data-element_type=\"section\" data-settings=\"{&quot;background_background&quot;:&quot;classic&quot;}\">\r\n\t\t\t\t\t\t<div class=\"elementor-container elementor-column-gap-default\">\r\n\t\t\t\t\t<div class=\"elementor-column elementor-col-50 elementor-top-column elementor-element elementor-element-38130f8\" data-id=\"38130f8\" data-element_type=\"column\">\r\n\t\t\t<div class=\"elementor-widget-wrap elementor-element-populated\">\r\n\t\t\t\t\t\t\t\t<div class=\"elementor-element elementor-element-d9643a0 elementor-view-default elementor-invisible elementor-widget elementor-widget-icon\" data-id=\"d9643a0\" data-element_type=\"widget\" data-settings=\"{&quot;_animation&quot;:&quot;zoomIn&quot;}\" data-widget_type=\"icon.default\">\r\n\t\t\t\t<div class=\"elementor-widget-container\">\r\n\t\t\t\t\t<div class=\"elementor-icon-wrapper\">\r\n\t\t\t<div class=\"elementor-icon\">\r\n\t\t\t<i aria-hidden=\"true\" class=\"fas fa-money-bill\"><\/i>\t\t\t<\/div>\r\n\t\t<\/div>\r\n\t\t\t\t<\/div>\r\n\t\t\t\t<\/div>\r\n\t\t\t\t<div class=\"elementor-element elementor-element-884e32d elementor-widget elementor-widget-text-editor\" data-id=\"884e32d\" data-element_type=\"widget\" data-widget_type=\"text-editor.default\">\r\n\t\t\t\t<div class=\"elementor-widget-container\">\r\n\t\t\t\t\t\t\t<p>Monto m\u00e1ximo:<\/p><p>Hasta 220 SMMLV<\/p>\t\t\t\t\t\t<\/div>\r\n\t\t\t\t<\/div>\r\n\t\t\t\t\t<\/div>\r\n\t\t<\/div>\r\n\t\t\t\t<div class=\"elementor-column elementor-col-50 elementor-top-column elementor-element elementor-element-200e04e\" data-id=\"200e04e\" data-element_type=\"column\">\r\n\t\t\t<div class=\"elementor-widget-wrap elementor-element-populated\">\r\n\t\t\t\t\t\t\t\t<div class=\"elementor-element elementor-element-412d77d elementor-view-default elementor-invisible elementor-widget elementor-widget-icon\" data-id=\"412d77d\" data-element_type=\"widget\" data-settings=\"{&quot;_animation&quot;:&quot;zoomIn&quot;}\" data-widget_type=\"icon.default\">\r\n\t\t\t\t<div class=\"elementor-widget-container\">\r\n\t\t\t\t\t<div class=\"elementor-icon-wrapper\">\r\n\t\t\t<div class=\"elementor-icon\">\r\n\t\t\t<i aria-hidden=\"true\" class=\"far fa-calendar-alt\"><\/i>\t\t\t<\/div>\r\n\t\t<\/div>\r\n\t\t\t\t<\/div>\r\n\t\t\t\t<\/div>\r\n\t\t\t\t<div class=\"elementor-element elementor-element-4ee8705 elementor-widget elementor-widget-text-editor\" data-id=\"4ee8705\" data-element_type=\"widget\" data-widget_type=\"text-editor.default\">\r\n\t\t\t\t<div class=\"elementor-widget-container\">\r\n\t\t\t\t\t\t\t<p>Plazo:<\/p><p>Hasta 180 meses<\/p>\t\t\t\t\t\t<\/div>\r\n\t\t\t\t<\/div>\r\n\t\t\t\t\t<\/div>\r\n\t\t<\/div>\r\n\t\t\t\t\t\t\t<\/div>\r\n\t\t<\/section>\r\n\t\t\t\t<section class=\"elementor-section elementor-top-section elementor-element elementor-element-1a88fde elementor-section-boxed elementor-section-height-default elementor-section-height-default\" data-id=\"1a88fde\" data-element_type=\"section\" data-settings=\"{&quot;background_background&quot;:&quot;classic&quot;}\">\r\n\t\t\t\t\t\t<div class=\"elementor-container elementor-column-gap-default\">\r\n\t\t\t\t\t<div class=\"elementor-column elementor-col-50 elementor-top-column elementor-element elementor-element-b896de3\" data-id=\"b896de3\" data-element_type=\"column\">\r\n\t\t\t<div class=\"elementor-widget-wrap elementor-element-populated\">\r\n\t\t\t\t\t\t\t\t<div class=\"elementor-element elementor-element-2521890 elementor-invisible elementor-widget elementor-widget-image\" data-id=\"2521890\" data-element_type=\"widget\" data-settings=\"{&quot;_animation&quot;:&quot;zoomIn&quot;}\" data-widget_type=\"image.default\">\r\n\t\t\t\t<div class=\"elementor-widget-container\">\r\n\t\t\t\t\t\t\t\t\t\t\t\t\t\t\t<img loading=\"lazy\" decoding=\"async\" width=\"853\" height=\"1024\" src=\"https:\/\/www.fesfa.co\/wp-content\/uploads\/2025\/12\/Recurso-8@4x-1-853x1024.png\" class=\"attachment-large size-large\" alt=\"\" srcset=\"https:\/\/www.fesfa.co\/wp-content\/uploads\/2025\/12\/Recurso-8@4x-1-853x1024.png 853w, https:\/\/www.fesfa.co\/wp-content\/uploads\/2025\/12\/Recurso-8@4x-1-250x300.png 250w, https:\/\/www.fesfa.co\/wp-content\/uploads\/2025\/12\/Recurso-8@4x-1-768x922.png 768w, https:\/\/www.fesfa.co\/wp-content\/uploads\/2025\/12\/Recurso-8@4x-1-1279x1536.png 1279w, https:\/\/www.fesfa.co\/wp-content\/uploads\/2025\/12\/Recurso-8@4x-1.png 1392w\" sizes=\"auto, (max-width: 853px) 100vw, 853px\" \/>\t\t\t\t\t\t\t\t\t\t\t\t\t\t\t<\/div>\r\n\t\t\t\t<\/div>\r\n\t\t\t\t\t<\/div>\r\n\t\t<\/div>\r\n\t\t\t\t<div class=\"elementor-column elementor-col-50 elementor-top-column elementor-element elementor-element-1ed67d0\" data-id=\"1ed67d0\" data-element_type=\"column\">\r\n\t\t\t<div class=\"elementor-widget-wrap elementor-element-populated\">\r\n\t\t\t\t\t\t\t\t<div class=\"elementor-element elementor-element-0747847 elementor-widget elementor-widget-spacer\" data-id=\"0747847\" data-element_type=\"widget\" data-widget_type=\"spacer.default\">\r\n\t\t\t\t<div class=\"elementor-widget-container\">\r\n\t\t\t\t\t<div class=\"elementor-spacer\">\r\n\t\t\t<div class=\"elementor-spacer-inner\"><\/div>\r\n\t\t<\/div>\r\n\t\t\t\t<\/div>\r\n\t\t\t\t<\/div>\r\n\t\t\t\t<div class=\"elementor-element elementor-element-e58ca1f elementor-widget elementor-widget-heading\" data-id=\"e58ca1f\" data-element_type=\"widget\" data-widget_type=\"heading.default\">\r\n\t\t\t\t<div class=\"elementor-widget-container\">\r\n\t\t\t<h2 class=\"elementor-heading-title elementor-size-default\">\u00bfPor qu\u00e9 solicitar el Cr\u00e9dito de vivienda?<\/h2>\t\t<\/div>\r\n\t\t\t\t<\/div>\r\n\t\t\t\t<div class=\"elementor-element elementor-element-c0704e4 elementor-widget elementor-widget-text-editor\" data-id=\"c0704e4\" data-element_type=\"widget\" data-widget_type=\"text-editor.default\">\r\n\t\t\t\t<div class=\"elementor-widget-container\">\r\n\t\t\t\t\t\t\t<p>Solicitar el Cr\u00e9dito de Vivienda de FESFA es dar un paso seguro hacia la estabilidad y el bienestar de tu familia. Esta l\u00ednea ofrece apoyo financiero para hacer realidad tu proyecto de vivienda, con acompa\u00f1amiento permanente y condiciones claras, pensadas para brindarte tranquilidad y confianza en cada etapa del proceso.<\/p>\t\t\t\t\t\t<\/div>\r\n\t\t\t\t<\/div>\r\n\t\t\t\t<div class=\"elementor-element elementor-element-76d126a elementor-align-center elementor-widget elementor-widget-button\" data-id=\"76d126a\" data-element_type=\"widget\" data-widget_type=\"button.default\">\r\n\t\t\t\t<div class=\"elementor-widget-container\">\r\n\t\t\t\t\t<div class=\"elementor-button-wrapper\">\r\n\t\t\t<a href=\"https:\/\/api.whatsapp.com\/send?phone=573213661589\" class=\"elementor-button-link elementor-button elementor-size-md\" role=\"button\">\r\n\t\t\t\t\t\t<span class=\"elementor-button-content-wrapper\">\r\n\t\t\t\t\t\t<span class=\"elementor-button-icon elementor-align-icon-left\">\r\n\t\t\t\t<i aria-hidden=\"true\" class=\"fab fa-whatsapp\"><\/i>\t\t\t<\/span>\r\n\t\t\t\t\t\t<span class=\"elementor-button-text\">Solicitar ahora<\/span>\r\n\t\t<\/span>\r\n\t\t\t\t\t<\/a>\r\n\t\t<\/div>\r\n\t\t\t\t<\/div>\r\n\t\t\t\t<\/div>\r\n\t\t\t\t\t<\/div>\r\n\t\t<\/div>\r\n\t\t\t\t\t\t\t<\/div>\r\n\t\t<\/section>\r\n\t\t\t\t<section class=\"elementor-section elementor-top-section elementor-element elementor-element-9013200 elementor-section-boxed elementor-section-height-default elementor-section-height-default\" data-id=\"9013200\" data-element_type=\"section\" data-settings=\"{&quot;background_background&quot;:&quot;classic&quot;}\">\r\n\t\t\t\t\t\t<div class=\"elementor-container elementor-column-gap-default\">\r\n\t\t\t\t\t<div class=\"elementor-column elementor-col-100 elementor-top-column elementor-element elementor-element-e865630\" data-id=\"e865630\" data-element_type=\"column\">\r\n\t\t\t<div class=\"elementor-widget-wrap elementor-element-populated\">\r\n\t\t\t\t\t\t\t\t<div class=\"elementor-element elementor-element-a3e8b1b elementor-widget elementor-widget-spacer\" data-id=\"a3e8b1b\" data-element_type=\"widget\" data-widget_type=\"spacer.default\">\r\n\t\t\t\t<div class=\"elementor-widget-container\">\r\n\t\t\t\t\t<div class=\"elementor-spacer\">\r\n\t\t\t<div class=\"elementor-spacer-inner\"><\/div>\r\n\t\t<\/div>\r\n\t\t\t\t<\/div>\r\n\t\t\t\t<\/div>\r\n\t\t\t\t\t<\/div>\r\n\t\t<\/div>\r\n\t\t\t\t\t\t\t<\/div>\r\n\t\t<\/section>\r\n\t\t\t\t\t\t<\/div>\r\n\t\t\t\t\t<\/div>\r\n\t\t","protected":false},"excerpt":{"rendered":"<p>Cr\u00e9dito de Vivienda Haz realidad el sue\u00f1o de tu hogar propio con condiciones pensadas para ti. Simula tu cr\u00e9dito aqu\u00ed Instructivo cr\u00e9dito de vivienda Formato de p\u00f3liza vida deudores Sobre nuestro cr\u00e9dito El Cr\u00e9dito de Vivienda de FESFA est\u00e1 pensado para acompa\u00f1ar a nuestros asociados en uno de los proyectos m\u00e1s importantes de su vida: &hellip;<\/p>\n<p class=\"read-more\"> <a class=\"\" href=\"https:\/\/www.fesfa.co\/?page_id=29740\"> <span class=\"screen-reader-text\">Vivienda<\/span> Leer m\u00e1s &raquo;<\/a><\/p>\n","protected":false},"author":1,"featured_media":0,"parent":0,"menu_order":0,"comment_status":"closed","ping_status":"closed","template":"","meta":{"_joinchat":[],"footnotes":""},"class_list":["post-29740","page","type-page","status-publish","hentry"],"_links":{"self":[{"href":"https:\/\/www.fesfa.co\/index.php?rest_route=\/wp\/v2\/pages\/29740","targetHints":{"allow":["GET"]}}],"collection":[{"href":"https:\/\/www.fesfa.co\/index.php?rest_route=\/wp\/v2\/pages"}],"about":[{"href":"https:\/\/www.fesfa.co\/index.php?rest_route=\/wp\/v2\/types\/page"}],"author":[{"embeddable":true,"href":"https:\/\/www.fesfa.co\/index.php?rest_route=\/wp\/v2\/users\/1"}],"replies":[{"embeddable":true,"href":"https:\/\/www.fesfa.co\/index.php?rest_route=%2Fwp%2Fv2%2Fcomments&post=29740"}],"version-history":[{"count":37,"href":"https:\/\/www.fesfa.co\/index.php?rest_route=\/wp\/v2\/pages\/29740\/revisions"}],"predecessor-version":[{"id":30551,"href":"https:\/\/www.fesfa.co\/index.php?rest_route=\/wp\/v2\/pages\/29740\/revisions\/30551"}],"wp:attachment":[{"href":"https:\/\/www.fesfa.co\/index.php?rest_route=%2Fwp%2Fv2%2Fmedia&parent=29740"}],"curies":[{"name":"wp","href":"https:\/\/api.w.org\/{rel}","templated":true}]}}