{"id":30188,"date":"2026-01-20T14:51:30","date_gmt":"2026-01-20T14:51:30","guid":{"rendered":"https:\/\/www.fesfa.co\/redise-o-nuevo\/?page_id=30188"},"modified":"2026-01-22T13:28:41","modified_gmt":"2026-01-22T13:28:41","slug":"calamidad","status":"publish","type":"page","link":"https:\/\/www.fesfa.co\/?page_id=30188","title":{"rendered":"Calamidad"},"content":{"rendered":"\t\t<div data-elementor-type=\"wp-page\" data-elementor-id=\"30188\" class=\"elementor elementor-30188\" data-elementor-settings=\"[]\">\r\n\t\t\t\t\t\t\t<div class=\"elementor-section-wrap\">\r\n\t\t\t\t\t\t\t<section class=\"elementor-section elementor-top-section elementor-element elementor-element-dd24be4 elementor-section-boxed elementor-section-height-default elementor-section-height-default elementor-invisible\" data-id=\"dd24be4\" data-element_type=\"section\" data-settings=\"{&quot;background_background&quot;:&quot;classic&quot;,&quot;animation&quot;:&quot;fadeInDown&quot;}\">\r\n\t\t\t\t\t\t\t<div class=\"elementor-background-overlay\"><\/div>\r\n\t\t\t\t\t\t\t<div class=\"elementor-container elementor-column-gap-default\">\r\n\t\t\t\t\t<div class=\"elementor-column elementor-col-50 elementor-top-column elementor-element elementor-element-84e9850\" data-id=\"84e9850\" data-element_type=\"column\">\r\n\t\t\t<div class=\"elementor-widget-wrap elementor-element-populated\">\r\n\t\t\t\t\t\t\t\t<div class=\"elementor-element elementor-element-f1a23f5 elementor-widget elementor-widget-spacer\" data-id=\"f1a23f5\" data-element_type=\"widget\" data-widget_type=\"spacer.default\">\r\n\t\t\t\t<div class=\"elementor-widget-container\">\r\n\t\t\t\t\t<div class=\"elementor-spacer\">\r\n\t\t\t<div class=\"elementor-spacer-inner\"><\/div>\r\n\t\t<\/div>\r\n\t\t\t\t<\/div>\r\n\t\t\t\t<\/div>\r\n\t\t\t\t<div class=\"elementor-element elementor-element-26d4d0a elementor-widget elementor-widget-heading\" data-id=\"26d4d0a\" data-element_type=\"widget\" data-widget_type=\"heading.default\">\r\n\t\t\t\t<div class=\"elementor-widget-container\">\r\n\t\t\t<h2 class=\"elementor-heading-title elementor-size-default\">Cr\u00e9dito de Calamidad Dom\u00e9stica<\/h2>\t\t<\/div>\r\n\t\t\t\t<\/div>\r\n\t\t\t\t<div class=\"elementor-element elementor-element-076937a elementor-widget elementor-widget-text-editor\" data-id=\"076937a\" data-element_type=\"widget\" data-widget_type=\"text-editor.default\">\r\n\t\t\t\t<div class=\"elementor-widget-container\">\r\n\t\t\t\t\t\t\t<p><span style=\"font-size: 1rem;\">Apoyo financiero oportuno para enfrentar situaciones imprevistas que afectan tu hogar y bienestar familiar.<\/span><\/p>\t\t\t\t\t\t<\/div>\r\n\t\t\t\t<\/div>\r\n\t\t\t\t<div class=\"elementor-element elementor-element-740144a elementor-widget elementor-widget-spacer\" data-id=\"740144a\" data-element_type=\"widget\" data-widget_type=\"spacer.default\">\r\n\t\t\t\t<div class=\"elementor-widget-container\">\r\n\t\t\t\t\t<div class=\"elementor-spacer\">\r\n\t\t\t<div class=\"elementor-spacer-inner\"><\/div>\r\n\t\t<\/div>\r\n\t\t\t\t<\/div>\r\n\t\t\t\t<\/div>\r\n\t\t\t\t\t<\/div>\r\n\t\t<\/div>\r\n\t\t\t\t<div class=\"elementor-column elementor-col-50 elementor-top-column elementor-element elementor-element-6fb68a3\" data-id=\"6fb68a3\" data-element_type=\"column\">\r\n\t\t\t<div class=\"elementor-widget-wrap elementor-element-populated\">\r\n\t\t\t\t\t\t\t\t<div class=\"elementor-element elementor-element-bc16354 elementor-widget elementor-widget-spacer\" data-id=\"bc16354\" data-element_type=\"widget\" data-widget_type=\"spacer.default\">\r\n\t\t\t\t<div class=\"elementor-widget-container\">\r\n\t\t\t\t\t<div class=\"elementor-spacer\">\r\n\t\t\t<div class=\"elementor-spacer-inner\"><\/div>\r\n\t\t<\/div>\r\n\t\t\t\t<\/div>\r\n\t\t\t\t<\/div>\r\n\t\t\t\t<div class=\"elementor-element elementor-element-b2a2c4c elementor-button-success elementor-align-left elementor-invisible elementor-widget elementor-widget-button\" data-id=\"b2a2c4c\" data-element_type=\"widget\" data-settings=\"{&quot;_animation&quot;:&quot;fadeIn&quot;}\" data-widget_type=\"button.default\">\r\n\t\t\t\t<div class=\"elementor-widget-container\">\r\n\t\t\t\t\t<div class=\"elementor-button-wrapper\">\r\n\t\t\t<a href=\"https:\/\/private.fesfa.co\/zonap\/#\/\" class=\"elementor-button-link elementor-button elementor-size-sm\" role=\"button\">\r\n\t\t\t\t\t\t<span class=\"elementor-button-content-wrapper\">\r\n\t\t\t\t\t\t<span class=\"elementor-button-icon elementor-align-icon-left\">\r\n\t\t\t\t<i aria-hidden=\"true\" class=\"far fa-credit-card\"><\/i>\t\t\t<\/span>\r\n\t\t\t\t\t\t<span class=\"elementor-button-text\">Simula tu cr\u00e9dito aqu\u00ed<\/span>\r\n\t\t<\/span>\r\n\t\t\t\t\t<\/a>\r\n\t\t<\/div>\r\n\t\t\t\t<\/div>\r\n\t\t\t\t<\/div>\r\n\t\t\t\t\t<\/div>\r\n\t\t<\/div>\r\n\t\t\t\t\t\t\t<\/div>\r\n\t\t<\/section>\r\n\t\t\t\t<section class=\"elementor-section elementor-top-section elementor-element elementor-element-17fbb13 elementor-section-boxed elementor-section-height-default elementor-section-height-default\" data-id=\"17fbb13\" data-element_type=\"section\" data-settings=\"{&quot;background_background&quot;:&quot;classic&quot;}\">\r\n\t\t\t\t\t\t<div class=\"elementor-container elementor-column-gap-default\">\r\n\t\t\t\t\t<div class=\"elementor-column elementor-col-100 elementor-top-column elementor-element elementor-element-3a37678\" data-id=\"3a37678\" data-element_type=\"column\">\r\n\t\t\t<div class=\"elementor-widget-wrap elementor-element-populated\">\r\n\t\t\t\t\t\t\t\t<div class=\"elementor-element elementor-element-a3a1d31 elementor-widget elementor-widget-heading\" data-id=\"a3a1d31\" data-element_type=\"widget\" data-widget_type=\"heading.default\">\r\n\t\t\t\t<div class=\"elementor-widget-container\">\r\n\t\t\t<h2 class=\"elementor-heading-title elementor-size-default\">Sobre nuestro cr\u00e9dito<\/h2>\t\t<\/div>\r\n\t\t\t\t<\/div>\r\n\t\t\t\t\t<\/div>\r\n\t\t<\/div>\r\n\t\t\t\t\t\t\t<\/div>\r\n\t\t<\/section>\r\n\t\t\t\t<section class=\"elementor-section elementor-top-section elementor-element elementor-element-f12eb0c elementor-section-boxed elementor-section-height-default elementor-section-height-default\" data-id=\"f12eb0c\" data-element_type=\"section\" data-settings=\"{&quot;background_background&quot;:&quot;classic&quot;}\">\r\n\t\t\t\t\t\t<div class=\"elementor-container elementor-column-gap-default\">\r\n\t\t\t\t\t<div class=\"elementor-column elementor-col-100 elementor-top-column elementor-element elementor-element-f246906\" data-id=\"f246906\" data-element_type=\"column\">\r\n\t\t\t<div class=\"elementor-widget-wrap elementor-element-populated\">\r\n\t\t\t\t\t\t\t\t<div class=\"elementor-element elementor-element-fd1fd3f elementor-widget elementor-widget-text-editor\" data-id=\"fd1fd3f\" data-element_type=\"widget\" data-widget_type=\"text-editor.default\">\r\n\t\t\t\t<div class=\"elementor-widget-container\">\r\n\t\t\t\t\t\t\t<p>El\u00a0<strong data-start=\"368\" data-end=\"411\">Cr\u00e9dito de Calamidad Dom\u00e9stica <\/strong>est\u00e1 dise\u00f1ado para brindar respaldo econ\u00f3mico a nuestros asociados cuando enfrentan situaciones inesperadas que impactan su entorno familiar, como eventos fortuitos o emergencias del hogar. Se otorga mediante un proceso \u00e1gil y confiable, con el acompa\u00f1amiento de FESFA, permitiendo atender estas circunstancias de manera oportuna y con tranquilidad.<\/p>\t\t\t\t\t\t<\/div>\r\n\t\t\t\t<\/div>\r\n\t\t\t\t\t<\/div>\r\n\t\t<\/div>\r\n\t\t\t\t\t\t\t<\/div>\r\n\t\t<\/section>\r\n\t\t\t\t<section class=\"elementor-section elementor-top-section elementor-element elementor-element-bb2ce51 elementor-section-boxed elementor-section-height-default elementor-section-height-default\" data-id=\"bb2ce51\" data-element_type=\"section\" data-settings=\"{&quot;background_background&quot;:&quot;classic&quot;}\">\r\n\t\t\t\t\t\t<div class=\"elementor-container elementor-column-gap-default\">\r\n\t\t\t\t\t<div class=\"elementor-column elementor-col-50 elementor-top-column elementor-element elementor-element-543d524\" data-id=\"543d524\" data-element_type=\"column\">\r\n\t\t\t<div class=\"elementor-widget-wrap elementor-element-populated\">\r\n\t\t\t\t\t\t\t\t<div class=\"elementor-element elementor-element-03b6fbd elementor-view-default elementor-invisible elementor-widget elementor-widget-icon\" data-id=\"03b6fbd\" data-element_type=\"widget\" data-settings=\"{&quot;_animation&quot;:&quot;zoomIn&quot;}\" data-widget_type=\"icon.default\">\r\n\t\t\t\t<div class=\"elementor-widget-container\">\r\n\t\t\t\t\t<div class=\"elementor-icon-wrapper\">\r\n\t\t\t<div class=\"elementor-icon\">\r\n\t\t\t<i aria-hidden=\"true\" class=\"fas fa-money-bill\"><\/i>\t\t\t<\/div>\r\n\t\t<\/div>\r\n\t\t\t\t<\/div>\r\n\t\t\t\t<\/div>\r\n\t\t\t\t<div class=\"elementor-element elementor-element-b25b6fc elementor-widget elementor-widget-text-editor\" data-id=\"b25b6fc\" data-element_type=\"widget\" data-widget_type=\"text-editor.default\">\r\n\t\t\t\t<div class=\"elementor-widget-container\">\r\n\t\t\t\t\t\t\t<p>Monto m\u00e1ximo:<\/p>\n<p><span style=\"font-style: inherit; font-weight: inherit;\">Hasta 10 SMMLV<\/span><\/p>\t\t\t\t\t\t<\/div>\r\n\t\t\t\t<\/div>\r\n\t\t\t\t\t<\/div>\r\n\t\t<\/div>\r\n\t\t\t\t<div class=\"elementor-column elementor-col-50 elementor-top-column elementor-element elementor-element-7c60459\" data-id=\"7c60459\" data-element_type=\"column\">\r\n\t\t\t<div class=\"elementor-widget-wrap elementor-element-populated\">\r\n\t\t\t\t\t\t\t\t<div class=\"elementor-element elementor-element-1a2cb5a elementor-view-default elementor-invisible elementor-widget elementor-widget-icon\" data-id=\"1a2cb5a\" data-element_type=\"widget\" data-settings=\"{&quot;_animation&quot;:&quot;zoomIn&quot;}\" data-widget_type=\"icon.default\">\r\n\t\t\t\t<div class=\"elementor-widget-container\">\r\n\t\t\t\t\t<div class=\"elementor-icon-wrapper\">\r\n\t\t\t<div class=\"elementor-icon\">\r\n\t\t\t<i aria-hidden=\"true\" class=\"far fa-calendar-alt\"><\/i>\t\t\t<\/div>\r\n\t\t<\/div>\r\n\t\t\t\t<\/div>\r\n\t\t\t\t<\/div>\r\n\t\t\t\t<div class=\"elementor-element elementor-element-1a3e20f elementor-widget elementor-widget-text-editor\" data-id=\"1a3e20f\" data-element_type=\"widget\" data-widget_type=\"text-editor.default\">\r\n\t\t\t\t<div class=\"elementor-widget-container\">\r\n\t\t\t\t\t\t\t<p>Plazo:<\/p><p>Hasta 12 mes<\/p>\t\t\t\t\t\t<\/div>\r\n\t\t\t\t<\/div>\r\n\t\t\t\t\t<\/div>\r\n\t\t<\/div>\r\n\t\t\t\t\t\t\t<\/div>\r\n\t\t<\/section>\r\n\t\t\t\t<section class=\"elementor-section elementor-top-section elementor-element elementor-element-9c242b9 elementor-section-boxed elementor-section-height-default elementor-section-height-default\" data-id=\"9c242b9\" data-element_type=\"section\" data-settings=\"{&quot;background_background&quot;:&quot;classic&quot;}\">\r\n\t\t\t\t\t\t<div class=\"elementor-container elementor-column-gap-default\">\r\n\t\t\t\t\t<div class=\"elementor-column elementor-col-50 elementor-top-column elementor-element elementor-element-9bbc669\" data-id=\"9bbc669\" data-element_type=\"column\">\r\n\t\t\t<div class=\"elementor-widget-wrap elementor-element-populated\">\r\n\t\t\t\t\t\t\t\t<div class=\"elementor-element elementor-element-3f1ff67 elementor-invisible elementor-widget elementor-widget-image\" data-id=\"3f1ff67\" data-element_type=\"widget\" data-settings=\"{&quot;_animation&quot;:&quot;zoomIn&quot;}\" data-widget_type=\"image.default\">\r\n\t\t\t\t<div class=\"elementor-widget-container\">\r\n\t\t\t\t\t\t\t\t\t\t\t\t\t\t\t<img loading=\"lazy\" decoding=\"async\" width=\"1024\" height=\"979\" src=\"https:\/\/www.fesfa.co\/wp-content\/uploads\/2026\/01\/Recurso-36@4x-1024x979.png\" class=\"attachment-large size-large\" alt=\"\" srcset=\"https:\/\/www.fesfa.co\/wp-content\/uploads\/2026\/01\/Recurso-36@4x-1024x979.png 1024w, https:\/\/www.fesfa.co\/wp-content\/uploads\/2026\/01\/Recurso-36@4x-300x287.png 300w, https:\/\/www.fesfa.co\/wp-content\/uploads\/2026\/01\/Recurso-36@4x-768x734.png 768w, https:\/\/www.fesfa.co\/wp-content\/uploads\/2026\/01\/Recurso-36@4x-314x300.png 314w, https:\/\/www.fesfa.co\/wp-content\/uploads\/2026\/01\/Recurso-36@4x.png 1398w\" sizes=\"auto, (max-width: 1024px) 100vw, 1024px\" \/>\t\t\t\t\t\t\t\t\t\t\t\t\t\t\t<\/div>\r\n\t\t\t\t<\/div>\r\n\t\t\t\t\t<\/div>\r\n\t\t<\/div>\r\n\t\t\t\t<div class=\"elementor-column elementor-col-50 elementor-top-column elementor-element elementor-element-d6e520e\" data-id=\"d6e520e\" data-element_type=\"column\">\r\n\t\t\t<div class=\"elementor-widget-wrap elementor-element-populated\">\r\n\t\t\t\t\t\t\t\t<div class=\"elementor-element elementor-element-06c64bd elementor-widget elementor-widget-spacer\" data-id=\"06c64bd\" data-element_type=\"widget\" data-widget_type=\"spacer.default\">\r\n\t\t\t\t<div class=\"elementor-widget-container\">\r\n\t\t\t\t\t<div class=\"elementor-spacer\">\r\n\t\t\t<div class=\"elementor-spacer-inner\"><\/div>\r\n\t\t<\/div>\r\n\t\t\t\t<\/div>\r\n\t\t\t\t<\/div>\r\n\t\t\t\t<div class=\"elementor-element elementor-element-4d068b3 elementor-widget elementor-widget-heading\" data-id=\"4d068b3\" data-element_type=\"widget\" data-widget_type=\"heading.default\">\r\n\t\t\t\t<div class=\"elementor-widget-container\">\r\n\t\t\t<h2 class=\"elementor-heading-title elementor-size-default\">\u00bfPor qu\u00e9 solicitar el Cr\u00e9dito de calamidad dom\u00e9stica?<\/h2>\t\t<\/div>\r\n\t\t\t\t<\/div>\r\n\t\t\t\t<div class=\"elementor-element elementor-element-5a17d02 elementor-widget elementor-widget-text-editor\" data-id=\"5a17d02\" data-element_type=\"widget\" data-widget_type=\"text-editor.default\">\r\n\t\t\t\t<div class=\"elementor-widget-container\">\r\n\t\t\t\t\t\t\t<p>Te ofrece una soluci\u00f3n financiera solidaria para afrontar emergencias del hogar, con condiciones accesibles y un tr\u00e1mite sencillo.<\/p><p>Este cr\u00e9dito te brinda respaldo en momentos dif\u00edciles, ayud\u00e1ndote a superar la situaci\u00f3n con el apoyo y compromiso de FESFA contigo y tu familia.<\/p>\t\t\t\t\t\t<\/div>\r\n\t\t\t\t<\/div>\r\n\t\t\t\t<div class=\"elementor-element elementor-element-3dc6365 elementor-align-center elementor-widget elementor-widget-button\" data-id=\"3dc6365\" data-element_type=\"widget\" data-widget_type=\"button.default\">\r\n\t\t\t\t<div class=\"elementor-widget-container\">\r\n\t\t\t\t\t<div class=\"elementor-button-wrapper\">\r\n\t\t\t<a href=\"https:\/\/api.whatsapp.com\/send?phone=573213661589\" class=\"elementor-button-link elementor-button elementor-size-md\" role=\"button\">\r\n\t\t\t\t\t\t<span class=\"elementor-button-content-wrapper\">\r\n\t\t\t\t\t\t<span class=\"elementor-button-icon elementor-align-icon-left\">\r\n\t\t\t\t<i aria-hidden=\"true\" class=\"fab fa-whatsapp\"><\/i>\t\t\t<\/span>\r\n\t\t\t\t\t\t<span class=\"elementor-button-text\">Solicitar ahora<\/span>\r\n\t\t<\/span>\r\n\t\t\t\t\t<\/a>\r\n\t\t<\/div>\r\n\t\t\t\t<\/div>\r\n\t\t\t\t<\/div>\r\n\t\t\t\t\t<\/div>\r\n\t\t<\/div>\r\n\t\t\t\t\t\t\t<\/div>\r\n\t\t<\/section>\r\n\t\t\t\t\t\t<\/div>\r\n\t\t\t\t\t<\/div>\r\n\t\t","protected":false},"excerpt":{"rendered":"<p>Cr\u00e9dito de Calamidad Dom\u00e9stica Apoyo financiero oportuno para enfrentar situaciones imprevistas que afectan tu hogar y bienestar familiar. Simula tu cr\u00e9dito aqu\u00ed Sobre nuestro cr\u00e9dito El\u00a0Cr\u00e9dito de Calamidad Dom\u00e9stica est\u00e1 dise\u00f1ado para brindar respaldo econ\u00f3mico a nuestros asociados cuando enfrentan situaciones inesperadas que impactan su entorno familiar, como eventos fortuitos o emergencias del hogar. Se &hellip;<\/p>\n<p class=\"read-more\"> <a class=\"\" href=\"https:\/\/www.fesfa.co\/?page_id=30188\"> <span class=\"screen-reader-text\">Calamidad<\/span> Leer m\u00e1s &raquo;<\/a><\/p>\n","protected":false},"author":1,"featured_media":0,"parent":0,"menu_order":0,"comment_status":"closed","ping_status":"closed","template":"","meta":{"_joinchat":[],"footnotes":""},"class_list":["post-30188","page","type-page","status-publish","hentry"],"_links":{"self":[{"href":"https:\/\/www.fesfa.co\/index.php?rest_route=\/wp\/v2\/pages\/30188","targetHints":{"allow":["GET"]}}],"collection":[{"href":"https:\/\/www.fesfa.co\/index.php?rest_route=\/wp\/v2\/pages"}],"about":[{"href":"https:\/\/www.fesfa.co\/index.php?rest_route=\/wp\/v2\/types\/page"}],"author":[{"embeddable":true,"href":"https:\/\/www.fesfa.co\/index.php?rest_route=\/wp\/v2\/users\/1"}],"replies":[{"embeddable":true,"href":"https:\/\/www.fesfa.co\/index.php?rest_route=%2Fwp%2Fv2%2Fcomments&post=30188"}],"version-history":[{"count":25,"href":"https:\/\/www.fesfa.co\/index.php?rest_route=\/wp\/v2\/pages\/30188\/revisions"}],"predecessor-version":[{"id":30352,"href":"https:\/\/www.fesfa.co\/index.php?rest_route=\/wp\/v2\/pages\/30188\/revisions\/30352"}],"wp:attachment":[{"href":"https:\/\/www.fesfa.co\/index.php?rest_route=%2Fwp%2Fv2%2Fmedia&parent=30188"}],"curies":[{"name":"wp","href":"https:\/\/api.w.org\/{rel}","templated":true}]}}