{"id":30593,"date":"2026-04-10T13:30:53","date_gmt":"2026-04-10T13:30:53","guid":{"rendered":"https:\/\/www.fesfa.co\/?page_id=30593"},"modified":"2026-04-10T16:29:42","modified_gmt":"2026-04-10T16:29:42","slug":"cumpleanos-fesfa","status":"publish","type":"page","link":"https:\/\/www.fesfa.co\/?page_id=30593","title":{"rendered":"Cumplea\u00f1os Fesfa"},"content":{"rendered":"\t\t<div data-elementor-type=\"wp-page\" data-elementor-id=\"30593\" class=\"elementor elementor-30593\" data-elementor-settings=\"[]\">\r\n\t\t\t\t\t\t\t<div class=\"elementor-section-wrap\">\r\n\t\t\t\t\t\t\t<section class=\"elementor-section elementor-top-section elementor-element elementor-element-62b4141 elementor-section-boxed elementor-section-height-default elementor-section-height-default elementor-invisible\" data-id=\"62b4141\" data-element_type=\"section\" data-settings=\"{&quot;background_background&quot;:&quot;classic&quot;,&quot;animation&quot;:&quot;fadeInDown&quot;}\">\r\n\t\t\t\t\t\t\t<div class=\"elementor-background-overlay\"><\/div>\r\n\t\t\t\t\t\t\t<div class=\"elementor-container elementor-column-gap-default\">\r\n\t\t\t\t\t<div class=\"elementor-column elementor-col-50 elementor-top-column elementor-element elementor-element-a168558\" data-id=\"a168558\" data-element_type=\"column\">\r\n\t\t\t<div class=\"elementor-widget-wrap elementor-element-populated\">\r\n\t\t\t\t\t\t\t\t<div class=\"elementor-element elementor-element-e20b9c4 elementor-widget elementor-widget-spacer\" data-id=\"e20b9c4\" data-element_type=\"widget\" data-widget_type=\"spacer.default\">\r\n\t\t\t\t<div class=\"elementor-widget-container\">\r\n\t\t\t\t\t<div class=\"elementor-spacer\">\r\n\t\t\t<div class=\"elementor-spacer-inner\"><\/div>\r\n\t\t<\/div>\r\n\t\t\t\t<\/div>\r\n\t\t\t\t<\/div>\r\n\t\t\t\t<div class=\"elementor-element elementor-element-6848965 elementor-widget elementor-widget-heading\" data-id=\"6848965\" data-element_type=\"widget\" data-widget_type=\"heading.default\">\r\n\t\t\t\t<div class=\"elementor-widget-container\">\r\n\t\t\t<h2 class=\"elementor-heading-title elementor-size-default\">Cumplea\u00f1os<\/h2>\t\t<\/div>\r\n\t\t\t\t<\/div>\r\n\t\t\t\t<div class=\"elementor-element elementor-element-b6e7547 elementor-widget elementor-widget-text-editor\" data-id=\"b6e7547\" data-element_type=\"widget\" data-widget_type=\"text-editor.default\">\r\n\t\t\t\t<div class=\"elementor-widget-container\">\r\n\t\t\t\t\t\t\t<p>Celebramos juntos los cumplea\u00f1os de nuestros asociados FESFA.<\/p>\t\t\t\t\t\t<\/div>\r\n\t\t\t\t<\/div>\r\n\t\t\t\t<div class=\"elementor-element elementor-element-3df8f7c elementor-widget elementor-widget-spacer\" data-id=\"3df8f7c\" data-element_type=\"widget\" data-widget_type=\"spacer.default\">\r\n\t\t\t\t<div class=\"elementor-widget-container\">\r\n\t\t\t\t\t<div class=\"elementor-spacer\">\r\n\t\t\t<div class=\"elementor-spacer-inner\"><\/div>\r\n\t\t<\/div>\r\n\t\t\t\t<\/div>\r\n\t\t\t\t<\/div>\r\n\t\t\t\t\t<\/div>\r\n\t\t<\/div>\r\n\t\t\t\t<div class=\"elementor-column elementor-col-50 elementor-top-column elementor-element elementor-element-e7d976d\" data-id=\"e7d976d\" data-element_type=\"column\">\r\n\t\t\t<div class=\"elementor-widget-wrap elementor-element-populated\">\r\n\t\t\t\t\t\t\t\t<div class=\"elementor-element elementor-element-524e451 elementor-widget elementor-widget-spacer\" data-id=\"524e451\" data-element_type=\"widget\" data-widget_type=\"spacer.default\">\r\n\t\t\t\t<div class=\"elementor-widget-container\">\r\n\t\t\t\t\t<div class=\"elementor-spacer\">\r\n\t\t\t<div class=\"elementor-spacer-inner\"><\/div>\r\n\t\t<\/div>\r\n\t\t\t\t<\/div>\r\n\t\t\t\t<\/div>\r\n\t\t\t\t\t<\/div>\r\n\t\t<\/div>\r\n\t\t\t\t\t\t\t<\/div>\r\n\t\t<\/section>\r\n\t\t\t\t<section class=\"elementor-section elementor-top-section elementor-element elementor-element-59831c9 elementor-section-boxed elementor-section-height-default elementor-section-height-default\" data-id=\"59831c9\" data-element_type=\"section\">\r\n\t\t\t\t\t\t<div class=\"elementor-container elementor-column-gap-default\">\r\n\t\t\t\t\t<div class=\"elementor-column elementor-col-50 elementor-top-column elementor-element elementor-element-156fd17\" data-id=\"156fd17\" data-element_type=\"column\">\r\n\t\t\t<div class=\"elementor-widget-wrap elementor-element-populated\">\r\n\t\t\t\t\t\t\t\t<div class=\"elementor-element elementor-element-dc498e5 elementor-widget elementor-widget-image\" data-id=\"dc498e5\" data-element_type=\"widget\" data-widget_type=\"image.default\">\r\n\t\t\t\t<div class=\"elementor-widget-container\">\r\n\t\t\t\t\t\t\t\t\t\t\t\t\t\t\t<img loading=\"lazy\" decoding=\"async\" width=\"1024\" height=\"1024\" src=\"https:\/\/www.fesfa.co\/wp-content\/uploads\/2026\/04\/WhatsApp-Image-2026-04-07-at-10.40.17-AM-1024x1024.jpeg\" class=\"attachment-large size-large\" alt=\"\" srcset=\"https:\/\/www.fesfa.co\/wp-content\/uploads\/2026\/04\/WhatsApp-Image-2026-04-07-at-10.40.17-AM-1024x1024.jpeg 1024w, https:\/\/www.fesfa.co\/wp-content\/uploads\/2026\/04\/WhatsApp-Image-2026-04-07-at-10.40.17-AM-300x300.jpeg 300w, https:\/\/www.fesfa.co\/wp-content\/uploads\/2026\/04\/WhatsApp-Image-2026-04-07-at-10.40.17-AM-150x150.jpeg 150w, https:\/\/www.fesfa.co\/wp-content\/uploads\/2026\/04\/WhatsApp-Image-2026-04-07-at-10.40.17-AM-768x768.jpeg 768w, https:\/\/www.fesfa.co\/wp-content\/uploads\/2026\/04\/WhatsApp-Image-2026-04-07-at-10.40.17-AM-1536x1536.jpeg 1536w, https:\/\/www.fesfa.co\/wp-content\/uploads\/2026\/04\/WhatsApp-Image-2026-04-07-at-10.40.17-AM.jpeg 1600w\" sizes=\"auto, (max-width: 1024px) 100vw, 1024px\" \/>\t\t\t\t\t\t\t\t\t\t\t\t\t\t\t<\/div>\r\n\t\t\t\t<\/div>\r\n\t\t\t\t<div class=\"elementor-element elementor-element-144284e elementor-align-center elementor-widget elementor-widget-button\" data-id=\"144284e\" data-element_type=\"widget\" data-widget_type=\"button.default\">\r\n\t\t\t\t<div class=\"elementor-widget-container\">\r\n\t\t\t\t\t<div class=\"elementor-button-wrapper\">\r\n\t\t\t<a href=\"https:\/\/www.fesfa.co\/wp-content\/uploads\/2026\/04\/LISTADO-CUMPLEAN\u0303OS-ABRIL.pdf\" class=\"elementor-button-link elementor-button elementor-size-md\" role=\"button\">\r\n\t\t\t\t\t\t<span class=\"elementor-button-content-wrapper\">\r\n\t\t\t\t\t\t<span class=\"elementor-button-icon elementor-align-icon-left\">\r\n\t\t\t\t<i aria-hidden=\"true\" class=\"far fa-smile-beam\"><\/i>\t\t\t<\/span>\r\n\t\t\t\t\t\t<span class=\"elementor-button-text\">Ver listado aqu\u00ed<\/span>\r\n\t\t<\/span>\r\n\t\t\t\t\t<\/a>\r\n\t\t<\/div>\r\n\t\t\t\t<\/div>\r\n\t\t\t\t<\/div>\r\n\t\t\t\t\t<\/div>\r\n\t\t<\/div>\r\n\t\t\t\t<div class=\"elementor-column elementor-col-50 elementor-top-column elementor-element elementor-element-e785b55\" data-id=\"e785b55\" data-element_type=\"column\">\r\n\t\t\t<div class=\"elementor-widget-wrap\">\r\n\t\t\t\t\t\t\t\t\t<\/div>\r\n\t\t<\/div>\r\n\t\t\t\t\t\t\t<\/div>\r\n\t\t<\/section>\r\n\t\t\t\t<section class=\"elementor-section elementor-top-section elementor-element elementor-element-f462c37 elementor-section-boxed elementor-section-height-default elementor-section-height-default\" data-id=\"f462c37\" data-element_type=\"section\">\r\n\t\t\t\t\t\t<div class=\"elementor-container elementor-column-gap-default\">\r\n\t\t\t\t\t<div class=\"elementor-column elementor-col-100 elementor-top-column elementor-element elementor-element-94d68a3\" data-id=\"94d68a3\" data-element_type=\"column\">\r\n\t\t\t<div class=\"elementor-widget-wrap\">\r\n\t\t\t\t\t\t\t\t\t<\/div>\r\n\t\t<\/div>\r\n\t\t\t\t\t\t\t<\/div>\r\n\t\t<\/section>\r\n\t\t\t\t\t\t<\/div>\r\n\t\t\t\t\t<\/div>\r\n\t\t","protected":false},"excerpt":{"rendered":"<p>Cumplea\u00f1os Celebramos juntos los cumplea\u00f1os de nuestros asociados FESFA. Ver listado aqu\u00ed<\/p>\n","protected":false},"author":1,"featured_media":0,"parent":0,"menu_order":0,"comment_status":"closed","ping_status":"closed","template":"","meta":{"_joinchat":[],"footnotes":""},"class_list":["post-30593","page","type-page","status-publish","hentry"],"_links":{"self":[{"href":"https:\/\/www.fesfa.co\/index.php?rest_route=\/wp\/v2\/pages\/30593","targetHints":{"allow":["GET"]}}],"collection":[{"href":"https:\/\/www.fesfa.co\/index.php?rest_route=\/wp\/v2\/pages"}],"about":[{"href":"https:\/\/www.fesfa.co\/index.php?rest_route=\/wp\/v2\/types\/page"}],"author":[{"embeddable":true,"href":"https:\/\/www.fesfa.co\/index.php?rest_route=\/wp\/v2\/users\/1"}],"replies":[{"embeddable":true,"href":"https:\/\/www.fesfa.co\/index.php?rest_route=%2Fwp%2Fv2%2Fcomments&post=30593"}],"version-history":[{"count":10,"href":"https:\/\/www.fesfa.co\/index.php?rest_route=\/wp\/v2\/pages\/30593\/revisions"}],"predecessor-version":[{"id":30609,"href":"https:\/\/www.fesfa.co\/index.php?rest_route=\/wp\/v2\/pages\/30593\/revisions\/30609"}],"wp:attachment":[{"href":"https:\/\/www.fesfa.co\/index.php?rest_route=%2Fwp%2Fv2%2Fmedia&parent=30593"}],"curies":[{"name":"wp","href":"https:\/\/api.w.org\/{rel}","templated":true}]}}